{"id":69,"date":"2019-03-12T09:51:47","date_gmt":"2019-03-12T08:51:47","guid":{"rendered":"https:\/\/containerdienst-kroes.de\/?page_id=69"},"modified":"2025-07-18T08:22:52","modified_gmt":"2025-07-18T06:22:52","slug":"d-kroes-ihr-partner-fuer-containerdienst-und-baggerarbeiten-in-kleve","status":"publish","type":"page","link":"https:\/\/containerdienst.moniquemennings.nl\/de\/","title":{"rendered":"Home"},"content":{"rendered":"<p>[et_pb_section fb_built=&#8220;1&#8243; _builder_version=&#8220;4.16&#8243; custom_padding=&#8220;0px||0px||true|false&#8220; global_colors_info=&#8220;{}&#8220;][et_pb_row _builder_version=&#8220;4.16&#8243; width=&#8220;100%&#8220; max_width=&#8220;100%&#8220; custom_padding=&#8220;0px||0px||true|false&#8220; global_colors_info=&#8220;{}&#8220;][et_pb_column type=&#8220;4_4&#8243; _builder_version=&#8220;4.16&#8243; custom_padding=&#8220;|||&#8220; global_colors_info=&#8220;{}&#8220; custom_padding__hover=&#8220;|||&#8220;][et_pb_slider _builder_version=&#8220;4.27.4&#8243; _module_preset=&#8220;default&#8220; header_text_shadow_style=&#8220;preset4&#8243; header_text_shadow_color=&#8220;#000000&#8243; global_colors_info=&#8220;{}&#8220;][et_pb_slide heading=&#8220;D. Kroes&#8220; button_text=&#8220;Kontakt&#8220; button_link=&#8220;\/kontakt&#8220; _builder_version=&#8220;4.27.4&#8243; _module_preset=&#8220;default&#8220; header_level=&#8220;h2&#8243; header_font=&#8220;|700|||||||&#8220; header_text_color=&#8220;#FFFFFF&#8220; body_text_color=&#8220;#FFFFFF&#8220; background_image=&#8220;https:\/\/containerdienst.moniquemennings.nl\/wp-content\/uploads\/downloadgram.org_466814271_476775111497063_7879674658421015028_n.jpg&#8220; background_enable_image=&#8220;on&#8220; custom_button=&#8220;on&#8220; button_bg_color=&#8220;#f27405&#8243; custom_db_slide_button_2=&#8220;on&#8220; db_slide_button_2_text_color=&#8220;#FFFFFF&#8220; db_slide_button_2_bg_color=&#8220;#f27405&#8243; button_text_2=&#8220;Container Buchen&#8220; button_link_2=&#8220;\/container&#8220; global_colors_info=&#8220;{}&#8220; sticky_transition=&#8220;on&#8220;]<\/p>\n<p><strong style=\"font-size: 36px;\">Containerdienst u. Entsorgung<\/strong><br \/><span style=\"font-size: 24px;\">Abbruch- u. Baggerarbeiten<\/span><\/p>\n<p>[\/et_pb_slide][et_pb_slide heading=&#8220;D. Kroes&#8220; button_text=&#8220;Kontakt&#8220; button_link=&#8220;\/kontakt&#8220; _builder_version=&#8220;4.27.4&#8243; _module_preset=&#8220;default&#8220; header_level=&#8220;h2&#8243; header_font=&#8220;|700|||||||&#8220; header_text_color=&#8220;#f27405&#8243; body_text_color=&#8220;#f27405&#8243; background_image=&#8220;https:\/\/containerdienst.moniquemennings.nl\/wp-content\/uploads\/download.jpg&#8220; background_enable_image=&#8220;on&#8220; custom_button=&#8220;on&#8220; button_bg_color=&#8220;#f27405&#8243; custom_db_slide_button_2=&#8220;on&#8220; db_slide_button_2_text_color=&#8220;#FFFFFF&#8220; db_slide_button_2_bg_color=&#8220;#f27405&#8243; button_text_2=&#8220;Container Buchen&#8220; button_link_2=&#8220;\/container&#8220; header_text_shadow_style=&#8220;preset1&#8243; header_text_shadow_color=&#8220;#0D0D0D&#8220; body_text_shadow_style=&#8220;preset5&#8243; body_text_shadow_color=&#8220;#000000&#8243; global_colors_info=&#8220;{}&#8220; sticky_transition=&#8220;on&#8220;]<\/p>\n<p><strong style=\"font-size: 36px;\">Containerdienst u. Entsorgung<\/strong><br \/><span style=\"font-size: 24px;\">Abbruch- u. Baggerarbeiten<\/span><\/p>\n<p>[\/et_pb_slide][\/et_pb_slider][\/et_pb_column][\/et_pb_row][\/et_pb_section][et_pb_section fb_built=&#8220;1&#8243; _builder_version=&#8220;4.16&#8243; _module_preset=&#8220;default&#8220; custom_padding=&#8220;||35px|||&#8220; global_colors_info=&#8220;{}&#8220;][et_pb_row _builder_version=&#8220;4.16&#8243; _module_preset=&#8220;default&#8220; global_colors_info=&#8220;{}&#8220;][et_pb_column type=&#8220;4_4&#8243; _builder_version=&#8220;4.16&#8243; _module_preset=&#8220;default&#8220; global_colors_info=&#8220;{}&#8220;][et_pb_text _builder_version=&#8220;4.16&#8243; _module_preset=&#8220;default&#8220; header_2_font=&#8220;|600|||||||&#8220; header_2_text_align=&#8220;center&#8220; header_2_text_color=&#8220;#F27405&#8243; border_width_bottom=&#8220;2px&#8220; border_color_bottom=&#8220;#F27405&#8243; global_colors_info=&#8220;{}&#8220;]<\/p>\n<h2><span>D. Kroes \u2013 Ihr Partner f\u00fcr Containerdienst und Baggerarbeiten in Kleve.\u00a0<\/span><\/h2>\n<p>[\/et_pb_text][\/et_pb_column][\/et_pb_row][et_pb_row _builder_version=&#8220;4.16&#8243; _module_preset=&#8220;default&#8220; global_colors_info=&#8220;{}&#8220;][et_pb_column type=&#8220;4_4&#8243; _builder_version=&#8220;4.16&#8243; _module_preset=&#8220;default&#8220; global_colors_info=&#8220;{}&#8220;][et_pb_text _builder_version=&#8220;4.27.4&#8243; _module_preset=&#8220;default&#8220; custom_margin=&#8220;||-53px||false|false&#8220; custom_padding=&#8220;2px||0px||false|false&#8220; global_colors_info=&#8220;{}&#8220;]<\/p>\n<p data-start=\"175\" data-end=\"463\" style=\"text-align: center;\">Bei uns finden Sie<span>\u00a0<\/span><strong data-start=\"194\" data-end=\"237\">Container in allen Gr\u00f6\u00dfen und Varianten<\/strong><br \/>F\u00fcr jedes Projekt haben wir die passende L\u00f6sung. Ob Bauschutt, Holz, Gr\u00fcnabfall oder Mischabfall<br \/>wir k\u00fcmmern uns um die<span>\u00a0<\/span><strong data-start=\"362\" data-end=\"397\">schnelle Lieferung und Abholung<\/strong>. Mehr Informationen finden Sie auf unserer<span>\u00a0<\/span><strong data-start=\"443\" data-end=\"462\">Container-Seite<\/strong>.<\/p>\n<p data-start=\"465\" data-end=\"633\" style=\"text-align: center;\">Brauchen Sie Unterst\u00fctzung bei Abbruch- oder Baggerarbeiten?<br data-start=\"529\" data-end=\"532\" \/>Sprechen Sie uns an vielleicht k\u00f6nnen wir Sie mit unserem Team und Maschinenpark unterst\u00fctzen.<\/p>\n<p data-start=\"635\" data-end=\"755\" style=\"text-align: center;\">Lieferung im Kreis Kleve und in den niederl\u00e4ndischen Grenzregionen (ca. 30\u202fkm Umkreis). wir sprechen Niederl\u00e4ndisch!<br \/>Bei Fragen k\u00f6nnen Sie sich jederzeit bei uns melden\u00a0 wir helfen Ihnen weiter.<\/p>\n<p data-start=\"757\" data-end=\"816\" style=\"text-align: center;\">[\/et_pb_text][\/et_pb_column][\/et_pb_row][\/et_pb_section][et_pb_section fb_built=&#8220;1&#8243; custom_padding_last_edited=&#8220;on|tablet&#8220; prev_background_color=&#8220;#ffffff&#8220; next_background_color=&#8220;#ffffff&#8220; _builder_version=&#8220;4.27.4&#8243; _module_preset=&#8220;default&#8220; background_color=&#8220;#3a3a3a&#8220; custom_padding=&#8220;8%||8%||true|false&#8220; custom_padding_tablet=&#8220;15%||15%||true|false&#8220; custom_padding_phone=&#8220;30%||30%||true|false&#8220; top_divider_style=&#8220;arrow2&#8243; bottom_divider_style=&#8220;arrow2&#8243; global_module=&#8220;1166&#8243; saved_tabs=&#8220;all&#8220; global_colors_info=&#8220;{}&#8220;][et_pb_row column_structure=&#8220;1_3,1_3,1_3&#8243; _builder_version=&#8220;4.27.4&#8243; _module_preset=&#8220;default&#8220; global_colors_info=&#8220;{}&#8220;][et_pb_column type=&#8220;1_3&#8243; _builder_version=&#8220;4.16&#8243; _module_preset=&#8220;default&#8220; global_colors_info=&#8220;{}&#8220;][et_pb_image src=&#8220;https:\/\/containerdienst.moniquemennings.nl\/wp-content\/uploads\/LKW-mit-Container.jpeg.jpg&#8220; title_text=&#8220;LKW mit Container.jpeg&#8220; module_class=&#8220;center-button-overlay&#8220; _builder_version=&#8220;4.27.4&#8243; _module_preset=&#8220;default&#8220; width=&#8220;70%&#8220; hover_enabled=&#8220;0&#8243; global_colors_info=&#8220;{}&#8220; sticky_enabled=&#8220;0&#8243;][\/et_pb_image][et_pb_button button_url=&#8220;\/container&#8220; button_text=&#8220;Container&#8220; button_alignment=&#8220;left&#8220; _builder_version=&#8220;4.27.4&#8243; _module_preset=&#8220;default&#8220; custom_button=&#8220;on&#8220; button_text_color=&#8220;#FFFFFF&#8220; button_bg_color=&#8220;#F27405&#8243; button_border_width=&#8220;0px&#8220; custom_margin=&#8220;2%||||false|false&#8220; global_colors_info=&#8220;{}&#8220;][\/et_pb_button][\/et_pb_column][et_pb_column type=&#8220;1_3&#8243; _builder_version=&#8220;4.16&#8243; _module_preset=&#8220;default&#8220; global_colors_info=&#8220;{}&#8220;][et_pb_image src=&#8220;https:\/\/containerdienst.moniquemennings.nl\/wp-content\/uploads\/Baumischabfall-1.jpg&#8220; alt=&#8220;Baumischabfall Emmerich&#8220; title_text=&#8220;Baumischabfall&#8220; _builder_version=&#8220;4.16&#8243; _module_preset=&#8220;default&#8220; width=&#8220;70%&#8220; custom_margin_tablet=&#8220;10%||||false|false&#8220; custom_margin_phone=&#8220;&#8220; custom_margin_last_edited=&#8220;on|tablet&#8220; hover_enabled=&#8220;0&#8243; global_colors_info=&#8220;{}&#8220; sticky_enabled=&#8220;0&#8243;][\/et_pb_image][et_pb_button button_url=&#8220;\/abfallprodukte&#8220; button_text=&#8220;Abfallprodukte&#8220; button_alignment=&#8220;left&#8220; _builder_version=&#8220;4.27.4&#8243; _module_preset=&#8220;default&#8220; custom_button=&#8220;on&#8220; button_text_color=&#8220;#FFFFFF&#8220; button_bg_color=&#8220;#F27405&#8243; button_border_width=&#8220;0px&#8220; custom_margin=&#8220;2%||||false|false&#8220; global_colors_info=&#8220;{}&#8220;][\/et_pb_button][\/et_pb_column][et_pb_column type=&#8220;1_3&#8243; _builder_version=&#8220;4.16&#8243; _module_preset=&#8220;default&#8220; global_colors_info=&#8220;{}&#8220;][et_pb_image src=&#8220;https:\/\/containerdienst.moniquemennings.nl\/wp-content\/uploads\/Schuettgut.jpg&#8220; title_text=&#8220;Sch\u00fcttgut&#8220; _builder_version=&#8220;4.16&#8243; _module_preset=&#8220;default&#8220; width=&#8220;70%&#8220; custom_margin_tablet=&#8220;10%||||false|false&#8220; custom_margin_phone=&#8220;&#8220; custom_margin_last_edited=&#8220;on|tablet&#8220; global_colors_info=&#8220;{}&#8220;][\/et_pb_image][et_pb_button button_url=&#8220;\/schuettgut&#8220; button_text=&#8220;Sch\u00fcttgut&#8220; button_alignment=&#8220;left&#8220; _builder_version=&#8220;4.27.4&#8243; _module_preset=&#8220;default&#8220; custom_button=&#8220;on&#8220; button_text_color=&#8220;#FFFFFF&#8220; button_bg_color=&#8220;#F27405&#8243; button_border_width=&#8220;0px&#8220; custom_margin=&#8220;2%||||false|false&#8220; global_colors_info=&#8220;{}&#8220;][\/et_pb_button][\/et_pb_column][\/et_pb_row][et_pb_row _builder_version=&#8220;4.16&#8243; _module_preset=&#8220;default&#8220; custom_margin=&#8220;2%||||false|false&#8220; global_colors_info=&#8220;{}&#8220;][et_pb_column type=&#8220;4_4&#8243; _builder_version=&#8220;4.16&#8243; _module_preset=&#8220;default&#8220; global_colors_info=&#8220;{}&#8220;][et_pb_text _builder_version=&#8220;4.16&#8243; _module_preset=&#8220;default&#8220; header_3_font=&#8220;|600|||||||&#8220; header_3_text_color=&#8220;#FFFFFF&#8220; global_colors_info=&#8220;{}&#8220;]<\/p>\n<h3>Unseren weiteren Leistungen<\/h3>\n<p>[\/et_pb_text][\/et_pb_column][\/et_pb_row][et_pb_row column_structure=&#8220;1_3,1_3,1_3&#8243; _builder_version=&#8220;4.16&#8243; _module_preset=&#8220;default&#8220; global_colors_info=&#8220;{}&#8220;][et_pb_column type=&#8220;1_3&#8243; _builder_version=&#8220;4.16&#8243; _module_preset=&#8220;default&#8220; global_colors_info=&#8220;{}&#8220;][et_pb_image src=&#8220;https:\/\/containerdienst.moniquemennings.nl\/wp-content\/uploads\/Abbrucharbeiten.jpg&#8220; title_text=&#8220;Abbrucharbeiten&#8220; _builder_version=&#8220;4.16&#8243; _module_preset=&#8220;default&#8220; width=&#8220;70%&#8220; global_colors_info=&#8220;{}&#8220;][\/et_pb_image][et_pb_button button_url=&#8220;\/abbruch-baggerarbeiten&#8220; button_text=&#8220;Abbruch\/Baggerarbeiten&#8220; button_alignment=&#8220;left&#8220; _builder_version=&#8220;4.16&#8243; _module_preset=&#8220;default&#8220; custom_button=&#8220;on&#8220; button_text_color=&#8220;#FFFFFF&#8220; button_bg_color=&#8220;#F27405&#8243; button_border_width=&#8220;0px&#8220; custom_margin=&#8220;2%||||false|false&#8220; global_colors_info=&#8220;{}&#8220;][\/et_pb_button][\/et_pb_column][et_pb_column type=&#8220;1_3&#8243; _builder_version=&#8220;4.16&#8243; _module_preset=&#8220;default&#8220; global_colors_info=&#8220;{}&#8220;][et_pb_image src=&#8220;https:\/\/containerdienst.moniquemennings.nl\/wp-content\/uploads\/Baumfaellarbeiten_.jpg&#8220; title_text=&#8220;Baumf\u00e4llarbeiten_&#8220; _builder_version=&#8220;4.16&#8243; _module_preset=&#8220;default&#8220; width=&#8220;70%&#8220; custom_margin_tablet=&#8220;10%||||false|false&#8220; custom_margin_phone=&#8220;&#8220; custom_margin_last_edited=&#8220;on|tablet&#8220; global_colors_info=&#8220;{}&#8220;][\/et_pb_image][et_pb_button button_url=&#8220;\/baumfaellerarbeiten&#8220; button_text=&#8220;Baumf\u00e4llerarbeiten&#8220; button_alignment=&#8220;left&#8220; _builder_version=&#8220;4.16&#8243; _module_preset=&#8220;default&#8220; custom_button=&#8220;on&#8220; button_text_color=&#8220;#FFFFFF&#8220; button_bg_color=&#8220;#F27405&#8243; button_border_width=&#8220;0px&#8220; custom_margin=&#8220;2%||||false|false&#8220; global_colors_info=&#8220;{}&#8220;][\/et_pb_button][\/et_pb_column][et_pb_column type=&#8220;1_3&#8243; _builder_version=&#8220;4.16&#8243; _module_preset=&#8220;default&#8220; global_colors_info=&#8220;{}&#8220;][et_pb_image src=&#8220;https:\/\/containerdienst.moniquemennings.nl\/wp-content\/uploads\/Landschaftspflege_Emmerich_5.jpg&#8220; title_text=&#8220;Landschaftspflege_Emmerich_5&#8243; _builder_version=&#8220;4.16&#8243; _module_preset=&#8220;default&#8220; width=&#8220;70%&#8220; custom_margin_tablet=&#8220;10%||||false|false&#8220; custom_margin_phone=&#8220;&#8220; custom_margin_last_edited=&#8220;on|tablet&#8220; global_colors_info=&#8220;{}&#8220;][\/et_pb_image][et_pb_button button_url=&#8220;\/landschaftspflege&#8220; button_text=&#8220;Landschaftspflege&#8220; button_alignment=&#8220;left&#8220; _builder_version=&#8220;4.16&#8243; _module_preset=&#8220;default&#8220; custom_button=&#8220;on&#8220; button_text_color=&#8220;#FFFFFF&#8220; button_bg_color=&#8220;#F27405&#8243; button_border_width=&#8220;0px&#8220; custom_margin=&#8220;2%||||false|false&#8220; global_colors_info=&#8220;{}&#8220;][\/et_pb_button][\/et_pb_column][\/et_pb_row][\/et_pb_section]<\/p>\n","protected":false},"excerpt":{"rendered":"<p>Containerdienst u. EntsorgungAbbruch- u. BaggerarbeitenContainerdienst u. EntsorgungAbbruch- u. BaggerarbeitenD. Kroes \u2013 Ihr Partner f\u00fcr Containerdienst und Baggerarbeiten in Kleve.\u00a0Bei uns finden Sie\u00a0Container in allen Gr\u00f6\u00dfen und VariantenF\u00fcr jedes Projekt haben wir die passende L\u00f6sung. Ob Bauschutt, Holz, Gr\u00fcnabfall oder Mischabfallwir k\u00fcmmern uns um die\u00a0schnelle Lieferung und Abholung. Mehr Informationen finden Sie auf unserer\u00a0Container-Seite. Brauchen Sie [&hellip;]<\/p>\n","protected":false},"author":12,"featured_media":0,"parent":0,"menu_order":10,"comment_status":"closed","ping_status":"closed","template":"","meta":{"_acf_changed":false,"_et_pb_use_builder":"on","_et_pb_old_content":"","_et_gb_content_width":"","inline_featured_image":false,"footnotes":""},"class_list":["post-69","page","type-page","status-publish","hentry"],"acf":[],"yoast_head":"<!-- This site is optimized with the Yoast SEO plugin v27.0 - https:\/\/yoast.com\/product\/yoast-seo-wordpress\/ -->\n<title>D. Kroes Abbruch &amp; Baggerarbeiten | Container &amp; Entsorgung<\/title>\n<meta name=\"description\" content=\"D. Kroes \u2013 Ihr Partner f\u00fcr Containerdienst und Baggerarbeiten in Kleve. Abbruch, Baumf\u00e4llung &amp; Landschaftspflege. Zuverl\u00e4ssig &amp; regional.\" \/>\n<meta name=\"robots\" content=\"index, follow, max-snippet:-1, max-image-preview:large, max-video-preview:-1\" \/>\n<link rel=\"canonical\" href=\"https:\/\/containerdienst.moniquemennings.nl\/de\/\" \/>\n<meta property=\"og:locale\" content=\"de_DE\" \/>\n<meta property=\"og:type\" content=\"article\" \/>\n<meta property=\"og:title\" content=\"D. Kroes Abbruch &amp; Baggerarbeiten | Container &amp; Entsorgung\" \/>\n<meta property=\"og:description\" content=\"D. Kroes \u2013 Ihr Partner f\u00fcr Containerdienst und Baggerarbeiten in Kleve. Abbruch, Baumf\u00e4llung &amp; Landschaftspflege. Zuverl\u00e4ssig &amp; regional.\" \/>\n<meta property=\"og:url\" content=\"https:\/\/containerdienst.moniquemennings.nl\/de\/\" \/>\n<meta property=\"og:site_name\" content=\"D. Kroes\" \/>\n<meta property=\"article:modified_time\" content=\"2025-07-18T06:22:52+00:00\" \/>\n<meta name=\"twitter:card\" content=\"summary_large_image\" \/>\n<meta name=\"twitter:label1\" content=\"Gesch\u00e4tzte Lesezeit\" \/>\n\t<meta name=\"twitter:data1\" content=\"3\u00a0Minuten\" \/>\n<script type=\"application\/ld+json\" class=\"yoast-schema-graph\">{\"@context\":\"https:\/\/schema.org\",\"@graph\":[{\"@type\":\"WebPage\",\"@id\":\"https:\/\/containerdienst.moniquemennings.nl\/de\/\",\"url\":\"https:\/\/containerdienst.moniquemennings.nl\/de\/\",\"name\":\"D. Kroes Abbruch & Baggerarbeiten | Container & Entsorgung\",\"isPartOf\":{\"@id\":\"https:\/\/containerdienst.moniquemennings.nl\/#website\"},\"datePublished\":\"2019-03-12T08:51:47+00:00\",\"dateModified\":\"2025-07-18T06:22:52+00:00\",\"description\":\"D. Kroes \u2013 Ihr Partner f\u00fcr Containerdienst und Baggerarbeiten in Kleve. Abbruch, Baumf\u00e4llung & Landschaftspflege. Zuverl\u00e4ssig & regional.\",\"breadcrumb\":{\"@id\":\"https:\/\/containerdienst.moniquemennings.nl\/de\/#breadcrumb\"},\"inLanguage\":\"de\",\"potentialAction\":[{\"@type\":\"ReadAction\",\"target\":[\"https:\/\/containerdienst.moniquemennings.nl\/de\/\"]}]},{\"@type\":\"BreadcrumbList\",\"@id\":\"https:\/\/containerdienst.moniquemennings.nl\/de\/#breadcrumb\",\"itemListElement\":[{\"@type\":\"ListItem\",\"position\":1,\"name\":\"Home\",\"item\":\"https:\/\/containerdienst.moniquemennings.nl\/de\/\"},{\"@type\":\"ListItem\",\"position\":2,\"name\":\"Home\"}]},{\"@type\":\"WebSite\",\"@id\":\"https:\/\/containerdienst.moniquemennings.nl\/#website\",\"url\":\"https:\/\/containerdienst.moniquemennings.nl\/\",\"name\":\"D. Kroes\",\"description\":\"\",\"potentialAction\":[{\"@type\":\"SearchAction\",\"target\":{\"@type\":\"EntryPoint\",\"urlTemplate\":\"https:\/\/containerdienst.moniquemennings.nl\/?s={search_term_string}\"},\"query-input\":{\"@type\":\"PropertyValueSpecification\",\"valueRequired\":true,\"valueName\":\"search_term_string\"}}],\"inLanguage\":\"de\"}]}<\/script>\n<!-- \/ Yoast SEO plugin. -->","yoast_head_json":{"title":"D. Kroes Abbruch & Baggerarbeiten | Container & Entsorgung","description":"D. Kroes \u2013 Ihr Partner f\u00fcr Containerdienst und Baggerarbeiten in Kleve. Abbruch, Baumf\u00e4llung & Landschaftspflege. Zuverl\u00e4ssig & regional.","robots":{"index":"index","follow":"follow","max-snippet":"max-snippet:-1","max-image-preview":"max-image-preview:large","max-video-preview":"max-video-preview:-1"},"canonical":"https:\/\/containerdienst.moniquemennings.nl\/de\/","og_locale":"de_DE","og_type":"article","og_title":"D. Kroes Abbruch & Baggerarbeiten | Container & Entsorgung","og_description":"D. Kroes \u2013 Ihr Partner f\u00fcr Containerdienst und Baggerarbeiten in Kleve. Abbruch, Baumf\u00e4llung & Landschaftspflege. Zuverl\u00e4ssig & regional.","og_url":"https:\/\/containerdienst.moniquemennings.nl\/de\/","og_site_name":"D. Kroes","article_modified_time":"2025-07-18T06:22:52+00:00","twitter_card":"summary_large_image","twitter_misc":{"Gesch\u00e4tzte Lesezeit":"3\u00a0Minuten"},"schema":{"@context":"https:\/\/schema.org","@graph":[{"@type":"WebPage","@id":"https:\/\/containerdienst.moniquemennings.nl\/de\/","url":"https:\/\/containerdienst.moniquemennings.nl\/de\/","name":"D. Kroes Abbruch & Baggerarbeiten | Container & Entsorgung","isPartOf":{"@id":"https:\/\/containerdienst.moniquemennings.nl\/#website"},"datePublished":"2019-03-12T08:51:47+00:00","dateModified":"2025-07-18T06:22:52+00:00","description":"D. Kroes \u2013 Ihr Partner f\u00fcr Containerdienst und Baggerarbeiten in Kleve. Abbruch, Baumf\u00e4llung & Landschaftspflege. Zuverl\u00e4ssig & regional.","breadcrumb":{"@id":"https:\/\/containerdienst.moniquemennings.nl\/de\/#breadcrumb"},"inLanguage":"de","potentialAction":[{"@type":"ReadAction","target":["https:\/\/containerdienst.moniquemennings.nl\/de\/"]}]},{"@type":"BreadcrumbList","@id":"https:\/\/containerdienst.moniquemennings.nl\/de\/#breadcrumb","itemListElement":[{"@type":"ListItem","position":1,"name":"Home","item":"https:\/\/containerdienst.moniquemennings.nl\/de\/"},{"@type":"ListItem","position":2,"name":"Home"}]},{"@type":"WebSite","@id":"https:\/\/containerdienst.moniquemennings.nl\/#website","url":"https:\/\/containerdienst.moniquemennings.nl\/","name":"D. Kroes","description":"","potentialAction":[{"@type":"SearchAction","target":{"@type":"EntryPoint","urlTemplate":"https:\/\/containerdienst.moniquemennings.nl\/?s={search_term_string}"},"query-input":{"@type":"PropertyValueSpecification","valueRequired":true,"valueName":"search_term_string"}}],"inLanguage":"de"}]}},"_links":{"self":[{"href":"https:\/\/containerdienst.moniquemennings.nl\/de\/wp-json\/wp\/v2\/pages\/69","targetHints":{"allow":["GET"]}}],"collection":[{"href":"https:\/\/containerdienst.moniquemennings.nl\/de\/wp-json\/wp\/v2\/pages"}],"about":[{"href":"https:\/\/containerdienst.moniquemennings.nl\/de\/wp-json\/wp\/v2\/types\/page"}],"author":[{"embeddable":true,"href":"https:\/\/containerdienst.moniquemennings.nl\/de\/wp-json\/wp\/v2\/users\/12"}],"replies":[{"embeddable":true,"href":"https:\/\/containerdienst.moniquemennings.nl\/de\/wp-json\/wp\/v2\/comments?post=69"}],"version-history":[{"count":80,"href":"https:\/\/containerdienst.moniquemennings.nl\/de\/wp-json\/wp\/v2\/pages\/69\/revisions"}],"predecessor-version":[{"id":1489,"href":"https:\/\/containerdienst.moniquemennings.nl\/de\/wp-json\/wp\/v2\/pages\/69\/revisions\/1489"}],"wp:attachment":[{"href":"https:\/\/containerdienst.moniquemennings.nl\/de\/wp-json\/wp\/v2\/media?parent=69"}],"curies":[{"name":"wp","href":"https:\/\/api.w.org\/{rel}","templated":true}]}}