{"id":115,"date":"2019-04-09T10:46:30","date_gmt":"2019-04-09T08:46:30","guid":{"rendered":"https:\/\/containerdienst-kroes.de\/?page_id=115"},"modified":"2025-07-13T17:38:56","modified_gmt":"2025-07-13T15:38:56","slug":"kontakt-d-kroes-containerdienst-kleve","status":"publish","type":"page","link":"https:\/\/containerdienst.moniquemennings.nl\/de\/kontakt-d-kroes-containerdienst-kleve\/","title":{"rendered":"Kontakt"},"content":{"rendered":"<p>[et_pb_section fb_built=&#8220;1&#8243; _builder_version=&#8220;4.16&#8243; custom_padding=&#8220;0px||0px||true|false&#8220; locked=&#8220;off&#8220; global_colors_info=&#8220;{}&#8220;][\/et_pb_section][et_pb_section fb_built=&#8220;1&#8243; fullwidth=&#8220;on&#8220; _builder_version=&#8220;4.27.4&#8243; _module_preset=&#8220;default&#8220; global_colors_info=&#8220;{}&#8220;][et_pb_fullwidth_slider _builder_version=&#8220;4.27.4&#8243; _module_preset=&#8220;default&#8220; global_colors_info=&#8220;{}&#8220;][et_pb_slide _builder_version=&#8220;4.27.4&#8243; _module_preset=&#8220;default&#8220; background_image=&#8220;https:\/\/containerdienst.moniquemennings.nl\/wp-content\/uploads\/Sprinter-2048&#215;1536.jpg-1.webp&#8220; background_enable_image=&#8220;on&#8220; global_colors_info=&#8220;{}&#8220; sticky_transition=&#8220;on&#8220;][\/et_pb_slide][et_pb_slide _builder_version=&#8220;4.27.4&#8243; _module_preset=&#8220;default&#8220; background_image=&#8220;https:\/\/containerdienst.moniquemennings.nl\/wp-content\/uploads\/Sprinter2-.jpg&#8220; background_enable_image=&#8220;on&#8220; global_colors_info=&#8220;{}&#8220; sticky_transition=&#8220;on&#8220;][\/et_pb_slide][\/et_pb_fullwidth_slider][\/et_pb_section][et_pb_section fb_built=&#8220;1&#8243; _builder_version=&#8220;4.27.4&#8243; _module_preset=&#8220;default&#8220; global_colors_info=&#8220;{}&#8220;][et_pb_row column_structure=&#8220;1_2,1_2&#8243; _builder_version=&#8220;4.27.4&#8243; _module_preset=&#8220;default&#8220; hover_enabled=&#8220;0&#8243; global_colors_info=&#8220;{}&#8220; sticky_enabled=&#8220;0&#8243;][et_pb_column type=&#8220;1_2&#8243; _builder_version=&#8220;4.27.4&#8243; _module_preset=&#8220;default&#8220; global_colors_info=&#8220;{}&#8220;][et_pb_text _builder_version=&#8220;4.27.4&#8243; _module_preset=&#8220;default&#8220; hover_enabled=&#8220;0&#8243; global_colors_info=&#8220;{}&#8220; custom_padding=&#8220;||0px|||&#8220; sticky_enabled=&#8220;0&#8243;]<\/p>\n<p data-start=\"168\" data-end=\"387\">Sie haben Fragen zu unserenContainerdienst, Bagger- oder Abbrucharbeiten, <br \/>Baumf\u00e4llung oder Landschaftspflege \u2013 wir stehen Ihnen zuverl\u00e4ssig zur Seite.<\/p>\n<p data-start=\"463\" data-end=\"638\">Wenn Sie Fragen haben, eine unverbindliche Beratung w\u00fcnschen oder direkt eine Leistung buchen m\u00f6chten, nehmen Sie gerne Kontakt mit uns auf.<br data-start=\"603\" data-end=\"606\" \/>Wir freuen uns auf Ihre Anfrage!<\/p>\n<p data-start=\"640\" data-end=\"717\">\ud83d\udccd <strong data-start=\"643\" data-end=\"671\">D. Kroes Containerdienst<\/strong><br data-start=\"671\" data-end=\"674\" \/>Schmidtstra\u00dfe 8<br data-start=\"689\" data-end=\"692\" \/>46446 Emmerich am Rhein<\/p>\n<p data-start=\"719\" data-end=\"787\">\ud83d\udcde <strong data-start=\"722\" data-end=\"734\">Telefon:<\/strong> 02828 \/ 903210<br data-start=\"749\" data-end=\"752\" \/>\ud83d\udce7 <strong data-start=\"755\" data-end=\"766\">E-Mail:<\/strong> <a data-start=\"767\" data-end=\"785\" class=\"cursor-pointer\" rel=\"noopener\">david.kroes@web.de<\/a><\/p>\n<p data-start=\"789\" data-end=\"869\">Nutzen Sie auch unser praktisches Anfrageformular<br \/>schnell, einfach und direkt.<\/p>\n<p>[\/et_pb_text][\/et_pb_column][et_pb_column type=&#8220;1_2&#8243; _builder_version=&#8220;4.27.4&#8243; _module_preset=&#8220;default&#8220; global_colors_info=&#8220;{}&#8220;][et_pb_code _builder_version=&#8220;4.27.4&#8243; _module_preset=&#8220;default&#8220; hover_enabled=&#8220;0&#8243; global_colors_info=&#8220;{}&#8220; sticky_enabled=&#8220;0&#8243; text_orientation=&#8220;right&#8220;]\t\t\t\t\t<script>\n\t\t\t\t\t\tdocument.addEventListener(\"cmplz_enable_category\", cmplzEnableCustomBlockedContent);\n\t\t\t\t\t\tfunction cmplzEnableCustomBlockedContent(e) {\n\t\t\t\t\t\t\tif ( cmplz_has_service_consent('no-service', 'marketing' ) && !document.getElementById(\"cmplz_consent_area_anchor\") ){\n\t\t\t\t\t\t\t\tlocation.reload();\n\t\t\t\t\t\t\t}\n\t\t\t\t\t\t\tif ( e.detail.category === 'marketing' && !document.getElementById(\"cmplz_consent_area_anchor\") ){\n\t\t\t\t\t\t\t\tlocation.reload();\n\t\t\t\t\t\t\t}\n\t\t\t\t\t\t}\n\t\t\t\t\t<\/script>\n\t\t\t\t\t\t\t\t<div class=\"cmplz-consent-area\">\n\t\t\t\t\t\t\t\t\t\t\t<a href=\"#\" data-category=\"marketing\" class=\"cmplz-accept-category  cmplz_marketing_consentarea\" >Klicken Sie, um die Cookies f\u00fcr diesen Dienst zu akzeptieren<\/a>\n\t\t\t\t\t\t\t\t\t<\/div>\n\t\t\t\t[\/et_pb_code][\/et_pb_column][\/et_pb_row][\/et_pb_section][et_pb_section fb_built=&#8220;1&#8243; custom_padding_last_edited=&#8220;on|tablet&#8220; prev_background_color=&#8220;#ffffff&#8220; next_background_color=&#8220;#ffffff&#8220; _builder_version=&#8220;4.16&#8243; _module_preset=&#8220;default&#8220; background_color=&#8220;#3a3a3a&#8220; custom_padding=&#8220;8%||8%||true|false&#8220; custom_padding_tablet=&#8220;15%||15%||true|false&#8220; custom_padding_phone=&#8220;30%||30%||true|false&#8220; top_divider_style=&#8220;arrow2&#8243; bottom_divider_style=&#8220;arrow2&#8243; global_colors_info=&#8220;{}&#8220;][et_pb_row _builder_version=&#8220;4.16&#8243; _module_preset=&#8220;default&#8220; locked=&#8220;off&#8220; global_colors_info=&#8220;{}&#8220;][et_pb_column type=&#8220;4_4&#8243; _builder_version=&#8220;4.16&#8243; _module_preset=&#8220;default&#8220; global_colors_info=&#8220;{}&#8220;][et_pb_text _builder_version=&#8220;4.16&#8243; _module_preset=&#8220;default&#8220; header_2_font=&#8220;|600|||||||&#8220; header_2_text_align=&#8220;center&#8220; header_2_text_color=&#8220;#F27405&#8243; border_width_bottom=&#8220;2px&#8220; border_color_bottom=&#8220;#F27405&#8243; global_colors_info=&#8220;{}&#8220;]<\/p>\n<h2>Kontakt<\/h2>\n<p>[\/et_pb_text][\/et_pb_column][\/et_pb_row][et_pb_row _builder_version=&#8220;4.16&#8243; _module_preset=&#8220;default&#8220; global_colors_info=&#8220;{}&#8220;][et_pb_column type=&#8220;4_4&#8243; _builder_version=&#8220;4.16&#8243; _module_preset=&#8220;default&#8220; global_colors_info=&#8220;{}&#8220;][et_pb_code _builder_version=&#8220;4.16&#8243; _module_preset=&#8220;default&#8220; global_colors_info=&#8220;{}&#8220;]\t<style id=\"wpforms-css-vars-1133\">\n\t\t\t\t#wpforms-1133 {\n\t\t\t\t\n\t\t\t}\n\t\t\t<\/style><div class=\"wpforms-container wpforms-container-full wpforms-render-modern\" id=\"wpforms-1133\"><form id=\"wpforms-form-1133\" class=\"wpforms-validate wpforms-form wpforms-ajax-form\" data-formid=\"1133\" method=\"post\" enctype=\"multipart\/form-data\" action=\"\/de\/wp-json\/wp\/v2\/pages\/115\" data-token=\"3601be8f0e85396f2514252950ab3914\" data-token-time=\"1776421901\"><noscript class=\"wpforms-error-noscript\">Bitte aktivieren Sie JavaScript in Ihrem Browser, um dieses Formular fertigzustellen.<\/noscript><div id=\"wpforms-error-noscript\" style=\"display: none;\">Bitte aktivieren Sie JavaScript in Ihrem Browser, um dieses Formular fertigzustellen.<\/div><div class=\"wpforms-field-container\"><div id=\"wpforms-1133-field_1-container\" class=\"wpforms-field wpforms-field-select wpforms-conditional-trigger wpforms-field-select-style-classic\" data-field-id=\"1\"><label class=\"wpforms-field-label wpforms-label-hide\" for=\"wpforms-1133-field_1\" aria-hidden=\"false\">Auswahl <span class=\"wpforms-required-label\" aria-hidden=\"true\">*<\/span><\/label><select id=\"wpforms-1133-field_1\" class=\"wpforms-field-medium wpforms-field-required\" name=\"wpforms[fields][1]\" required=\"required\"><option value=\"\" class=\"placeholder\" disabled  selected='selected'>--- Auswahl treffen ---<\/option><option value=\"Sonstiges\"  class=\"choice-3 depth-1\"  >Sonstiges<\/option><option value=\"Info\/Preis anfragen Container\"  class=\"choice-1 depth-1\"  >Info\/Preis anfragen Container<\/option><option value=\"Info\/Preis anfragen Sch\u00fcttgut\"  class=\"choice-4 depth-1\"  >Info\/Preis anfragen Sch\u00fcttgut<\/option><option value=\"Container buchen, tauschen oder abholen\"  class=\"choice-5 depth-1\"  >Container buchen, tauschen oder abholen<\/option><\/select><\/div><div id=\"wpforms-1133-field_9-container\" class=\"wpforms-field wpforms-field-html wpforms-conditional-field wpforms-conditional-show\" data-field-id=\"9\" style=\"display:none;\"><div id=\"wpforms-1133-field_9\" aria-errormessage=\"wpforms-1133-field_9-error\"><a href=\"https:\/\/containerdienst.moniquemennings.nl\/container\/\" class=\"wpforms-custom-button\">Direkt zur Containeranfrage<\/a><\/div><\/div><div id=\"wpforms-1133-field_10-container\" class=\"wpforms-field wpforms-field-html\" data-field-id=\"10\"><div id=\"wpforms-1133-field_10\" aria-errormessage=\"wpforms-1133-field_10-error\"><script>\r\ndocument.addEventListener(\"DOMContentLoaded\", function () {\r\n  const dropdown = document.querySelector('select');\r\n  const submitButton = document.querySelector('.wpforms-submit');\r\n  const customButton = document.querySelector('.wpforms-custom-button');\r\n  const allFields = document.querySelectorAll('.wpforms-field'); \/\/ alle formulierblokken\r\n  \r\n  function toggleForm() {\r\n    if (dropdown.value === 'Container buchen, tauschen oder abholen') {\r\n      \/\/ Verberg alle velden behalve de dropdown en de HTML-knop\r\n      allFields.forEach(function (field) {\r\n        const label = field.querySelector('label');\r\n        if (!field.innerText.includes('Container buchen')) {\r\n          field.style.display = 'none';\r\n        }\r\n      });\r\n\r\n      \/\/ Toon alleen custom knop\r\n      if (customButton) customButton.style.display = 'inline-block';\r\n      if (submitButton) submitButton.style.display = 'none';\r\n    } else {\r\n      \/\/ Laat alles weer zien bij andere keuzes\r\n      allFields.forEach(function (field) {\r\n        field.style.display = '';\r\n      });\r\n      if (customButton) customButton.style.display = 'none';\r\n      if (submitButton) submitButton.style.display = '';\r\n    }\r\n  }\r\n\r\n  dropdown.addEventListener('change', toggleForm);\r\n  toggleForm(); \/\/ voer ook bij laden uit\r\n});\r\n<\/script>\r\n<\/div><\/div><div id=\"wpforms-1133-field_2-container\" class=\"wpforms-field wpforms-field-name\" data-field-id=\"2\"><label class=\"wpforms-field-label\" for=\"wpforms-1133-field_2\">Name <span class=\"wpforms-required-label\" aria-hidden=\"true\">*<\/span><\/label><input type=\"text\" id=\"wpforms-1133-field_2\" class=\"wpforms-field-medium wpforms-field-required\" name=\"wpforms[fields][2]\" aria-errormessage=\"wpforms-1133-field_2-error\" required><\/div>\t\t<div id=\"wpforms-1133-field_3-container\"\n\t\t\tclass=\"wpforms-field wpforms-field-text\"\n\t\t\tdata-field-type=\"text\"\n\t\t\tdata-field-id=\"3\"\n\t\t\t>\n\t\t\t<label class=\"wpforms-field-label\" for=\"wpforms-1133-field_3\" >Auswahl Ort Name<\/label>\n\t\t\t<input type=\"text\" id=\"wpforms-1133-field_3\" class=\"wpforms-field-medium\" name=\"wpforms[fields][3]\" >\n\t\t<\/div>\n\t\t<div id=\"wpforms-1133-field_12-container\" class=\"wpforms-field wpforms-field-text\" data-field-id=\"12\"><label class=\"wpforms-field-label\" for=\"wpforms-1133-field_12\">Stra\u00dfe und Hausnummer <span class=\"wpforms-required-label\" aria-hidden=\"true\">*<\/span><\/label><input type=\"text\" id=\"wpforms-1133-field_12\" class=\"wpforms-field-medium wpforms-field-required\" name=\"wpforms[fields][12]\" aria-errormessage=\"wpforms-1133-field_12-error\" required><\/div><div id=\"wpforms-1133-field_13-container\" class=\"wpforms-field wpforms-field-text\" data-field-id=\"13\"><label class=\"wpforms-field-label\" for=\"wpforms-1133-field_13\">Postleitzahl \/ Ort <span class=\"wpforms-required-label\" aria-hidden=\"true\">*<\/span><\/label><input type=\"text\" id=\"wpforms-1133-field_13\" class=\"wpforms-field-medium wpforms-field-required\" name=\"wpforms[fields][13]\" aria-errormessage=\"wpforms-1133-field_13-error\" required><\/div><div id=\"wpforms-1133-field_7-container\" class=\"wpforms-field wpforms-field-phone\" data-field-id=\"7\"><label class=\"wpforms-field-label\" for=\"wpforms-1133-field_7\">Telefon <span class=\"wpforms-required-label\" aria-hidden=\"true\">*<\/span><\/label><input type=\"tel\" id=\"wpforms-1133-field_7\" class=\"wpforms-field-medium wpforms-field-required\" data-rule-int-phone-field=\"true\" name=\"wpforms[fields][7]\" aria-label=\"Telefon\" aria-errormessage=\"wpforms-1133-field_7-error\" required><\/div><div id=\"wpforms-1133-field_6-container\" class=\"wpforms-field wpforms-field-email\" data-field-id=\"6\"><label class=\"wpforms-field-label\" for=\"wpforms-1133-field_6\">E-Mail <span class=\"wpforms-required-label\" aria-hidden=\"true\">*<\/span><\/label><input type=\"email\" id=\"wpforms-1133-field_6\" class=\"wpforms-field-medium wpforms-field-required\" name=\"wpforms[fields][6]\" spellcheck=\"false\" aria-errormessage=\"wpforms-1133-field_6-error\" required><\/div><div id=\"wpforms-1133-field_8-container\" class=\"wpforms-field wpforms-field-textarea\" data-field-id=\"8\"><label class=\"wpforms-field-label\" for=\"wpforms-1133-field_8\">Ihre Frage<\/label><textarea id=\"wpforms-1133-field_8\" class=\"wpforms-field-medium\" name=\"wpforms[fields][8]\" aria-errormessage=\"wpforms-1133-field_8-error\" ><\/textarea><\/div><script>\n\t\t\t\t( function() {\n\t\t\t\t\tconst style = document.createElement( 'style' );\n\t\t\t\t\tstyle.appendChild( document.createTextNode( '#wpforms-1133-field_3-container { position: absolute !important; overflow: hidden !important; display: inline !important; height: 1px !important; width: 1px !important; z-index: -1000 !important; padding: 0 !important; } #wpforms-1133-field_3-container input { visibility: hidden; } #wpforms-conversational-form-page #wpforms-1133-field_3-container label { counter-increment: none; }' ) );\n\t\t\t\t\tdocument.head.appendChild( style );\n\t\t\t\t\tdocument.currentScript?.remove();\n\t\t\t\t} )();\n\t\t\t<\/script><\/div><!-- .wpforms-field-container --><div class=\"wpforms-submit-container\" ><input type=\"hidden\" name=\"wpforms[id]\" value=\"1133\"><input type=\"hidden\" name=\"page_title\" value=\"\"><input type=\"hidden\" name=\"page_url\" value=\"https:\/\/containerdienst.moniquemennings.nl\/de\/wp-json\/wp\/v2\/pages\/115\"><input type=\"hidden\" name=\"url_referer\" value=\"\"><button type=\"submit\" name=\"wpforms[submit]\" id=\"wpforms-submit-1133\" class=\"wpforms-submit\" data-alt-text=\"Senden\u2026\" data-submit-text=\"Absenden\" aria-live=\"assertive\" value=\"wpforms-submit\">Absenden<\/button><img decoding=\"async\" src=\"https:\/\/containerdienst.moniquemennings.nl\/wp-content\/plugins\/wpforms\/assets\/images\/submit-spin.svg\" class=\"wpforms-submit-spinner\" style=\"display: none;\" width=\"26\" height=\"26\" alt=\"Wird geladen\"><\/div><\/form><\/div>  <!-- .wpforms-container -->[\/et_pb_code][\/et_pb_column][\/et_pb_row][\/et_pb_section]<\/p>\n","protected":false},"excerpt":{"rendered":"<p>Sie haben Fragen zu unserenContainerdienst, Bagger- oder Abbrucharbeiten, Baumf\u00e4llung oder Landschaftspflege \u2013 wir stehen Ihnen zuverl\u00e4ssig zur Seite. Wenn Sie Fragen haben, eine unverbindliche Beratung w\u00fcnschen oder direkt eine Leistung buchen m\u00f6chten, nehmen Sie gerne Kontakt mit uns auf.Wir freuen uns auf Ihre Anfrage! \ud83d\udccd D. Kroes ContainerdienstSchmidtstra\u00dfe 846446 Emmerich am Rhein \ud83d\udcde Telefon: 02828 [&hellip;]<\/p>\n","protected":false},"author":12,"featured_media":0,"parent":0,"menu_order":900,"comment_status":"closed","ping_status":"closed","template":"","meta":{"_acf_changed":false,"_et_pb_use_builder":"on","_et_pb_old_content":"","_et_gb_content_width":"","inline_featured_image":false,"footnotes":""},"class_list":["post-115","page","type-page","status-publish","hentry"],"acf":[],"yoast_head":"<!-- This site is optimized with the Yoast SEO plugin v27.0 - https:\/\/yoast.com\/product\/yoast-seo-wordpress\/ -->\n<title>Kontakt - D. Kroes<\/title>\n<meta name=\"description\" content=\"Jetzt Container anfragen oder mehr Infos einholen? Schreiben oder rufen Sie uns an \u2013 wir helfen gern weiter!\" \/>\n<meta name=\"robots\" content=\"index, follow, max-snippet:-1, max-image-preview:large, max-video-preview:-1\" \/>\n<link rel=\"canonical\" href=\"https:\/\/containerdienst.moniquemennings.nl\/de\/kontakt-d-kroes-containerdienst-kleve\/\" \/>\n<meta property=\"og:locale\" content=\"de_DE\" \/>\n<meta property=\"og:type\" content=\"article\" \/>\n<meta property=\"og:title\" content=\"Kontakt - D. Kroes\" \/>\n<meta property=\"og:description\" content=\"Jetzt Container anfragen oder mehr Infos einholen? Schreiben oder rufen Sie uns an \u2013 wir helfen gern weiter!\" \/>\n<meta property=\"og:url\" content=\"https:\/\/containerdienst.moniquemennings.nl\/de\/kontakt-d-kroes-containerdienst-kleve\/\" \/>\n<meta property=\"og:site_name\" content=\"D. Kroes\" \/>\n<meta property=\"article:modified_time\" content=\"2025-07-13T15:38:56+00:00\" \/>\n<meta name=\"twitter:card\" content=\"summary_large_image\" \/>\n<meta name=\"twitter:label1\" content=\"Gesch\u00e4tzte Lesezeit\" \/>\n\t<meta name=\"twitter:data1\" content=\"1\u00a0Minute\" \/>\n<script type=\"application\/ld+json\" class=\"yoast-schema-graph\">{\"@context\":\"https:\/\/schema.org\",\"@graph\":[{\"@type\":\"WebPage\",\"@id\":\"https:\/\/containerdienst.moniquemennings.nl\/kontakt-d-kroes-containerdienst-kleve\/\",\"url\":\"https:\/\/containerdienst.moniquemennings.nl\/kontakt-d-kroes-containerdienst-kleve\/\",\"name\":\"Kontakt - D. Kroes\",\"isPartOf\":{\"@id\":\"https:\/\/containerdienst.moniquemennings.nl\/#website\"},\"datePublished\":\"2019-04-09T08:46:30+00:00\",\"dateModified\":\"2025-07-13T15:38:56+00:00\",\"description\":\"Jetzt Container anfragen oder mehr Infos einholen? Schreiben oder rufen Sie uns an \u2013 wir helfen gern weiter!\",\"breadcrumb\":{\"@id\":\"https:\/\/containerdienst.moniquemennings.nl\/kontakt-d-kroes-containerdienst-kleve\/#breadcrumb\"},\"inLanguage\":\"de\",\"potentialAction\":[{\"@type\":\"ReadAction\",\"target\":[\"https:\/\/containerdienst.moniquemennings.nl\/kontakt-d-kroes-containerdienst-kleve\/\"]}]},{\"@type\":\"BreadcrumbList\",\"@id\":\"https:\/\/containerdienst.moniquemennings.nl\/kontakt-d-kroes-containerdienst-kleve\/#breadcrumb\",\"itemListElement\":[{\"@type\":\"ListItem\",\"position\":1,\"name\":\"Home\",\"item\":\"https:\/\/containerdienst.moniquemennings.nl\/de\/\"},{\"@type\":\"ListItem\",\"position\":2,\"name\":\"Kontakt\"}]},{\"@type\":\"WebSite\",\"@id\":\"https:\/\/containerdienst.moniquemennings.nl\/#website\",\"url\":\"https:\/\/containerdienst.moniquemennings.nl\/\",\"name\":\"D. Kroes\",\"description\":\"\",\"potentialAction\":[{\"@type\":\"SearchAction\",\"target\":{\"@type\":\"EntryPoint\",\"urlTemplate\":\"https:\/\/containerdienst.moniquemennings.nl\/?s={search_term_string}\"},\"query-input\":{\"@type\":\"PropertyValueSpecification\",\"valueRequired\":true,\"valueName\":\"search_term_string\"}}],\"inLanguage\":\"de\"}]}<\/script>\n<!-- \/ Yoast SEO plugin. -->","yoast_head_json":{"title":"Kontakt - D. Kroes","description":"Jetzt Container anfragen oder mehr Infos einholen? Schreiben oder rufen Sie uns an \u2013 wir helfen gern weiter!","robots":{"index":"index","follow":"follow","max-snippet":"max-snippet:-1","max-image-preview":"max-image-preview:large","max-video-preview":"max-video-preview:-1"},"canonical":"https:\/\/containerdienst.moniquemennings.nl\/de\/kontakt-d-kroes-containerdienst-kleve\/","og_locale":"de_DE","og_type":"article","og_title":"Kontakt - D. Kroes","og_description":"Jetzt Container anfragen oder mehr Infos einholen? Schreiben oder rufen Sie uns an \u2013 wir helfen gern weiter!","og_url":"https:\/\/containerdienst.moniquemennings.nl\/de\/kontakt-d-kroes-containerdienst-kleve\/","og_site_name":"D. Kroes","article_modified_time":"2025-07-13T15:38:56+00:00","twitter_card":"summary_large_image","twitter_misc":{"Gesch\u00e4tzte Lesezeit":"1\u00a0Minute"},"schema":{"@context":"https:\/\/schema.org","@graph":[{"@type":"WebPage","@id":"https:\/\/containerdienst.moniquemennings.nl\/kontakt-d-kroes-containerdienst-kleve\/","url":"https:\/\/containerdienst.moniquemennings.nl\/kontakt-d-kroes-containerdienst-kleve\/","name":"Kontakt - D. Kroes","isPartOf":{"@id":"https:\/\/containerdienst.moniquemennings.nl\/#website"},"datePublished":"2019-04-09T08:46:30+00:00","dateModified":"2025-07-13T15:38:56+00:00","description":"Jetzt Container anfragen oder mehr Infos einholen? Schreiben oder rufen Sie uns an \u2013 wir helfen gern weiter!","breadcrumb":{"@id":"https:\/\/containerdienst.moniquemennings.nl\/kontakt-d-kroes-containerdienst-kleve\/#breadcrumb"},"inLanguage":"de","potentialAction":[{"@type":"ReadAction","target":["https:\/\/containerdienst.moniquemennings.nl\/kontakt-d-kroes-containerdienst-kleve\/"]}]},{"@type":"BreadcrumbList","@id":"https:\/\/containerdienst.moniquemennings.nl\/kontakt-d-kroes-containerdienst-kleve\/#breadcrumb","itemListElement":[{"@type":"ListItem","position":1,"name":"Home","item":"https:\/\/containerdienst.moniquemennings.nl\/de\/"},{"@type":"ListItem","position":2,"name":"Kontakt"}]},{"@type":"WebSite","@id":"https:\/\/containerdienst.moniquemennings.nl\/#website","url":"https:\/\/containerdienst.moniquemennings.nl\/","name":"D. Kroes","description":"","potentialAction":[{"@type":"SearchAction","target":{"@type":"EntryPoint","urlTemplate":"https:\/\/containerdienst.moniquemennings.nl\/?s={search_term_string}"},"query-input":{"@type":"PropertyValueSpecification","valueRequired":true,"valueName":"search_term_string"}}],"inLanguage":"de"}]}},"_links":{"self":[{"href":"https:\/\/containerdienst.moniquemennings.nl\/de\/wp-json\/wp\/v2\/pages\/115","targetHints":{"allow":["GET"]}}],"collection":[{"href":"https:\/\/containerdienst.moniquemennings.nl\/de\/wp-json\/wp\/v2\/pages"}],"about":[{"href":"https:\/\/containerdienst.moniquemennings.nl\/de\/wp-json\/wp\/v2\/types\/page"}],"author":[{"embeddable":true,"href":"https:\/\/containerdienst.moniquemennings.nl\/de\/wp-json\/wp\/v2\/users\/12"}],"replies":[{"embeddable":true,"href":"https:\/\/containerdienst.moniquemennings.nl\/de\/wp-json\/wp\/v2\/comments?post=115"}],"version-history":[{"count":29,"href":"https:\/\/containerdienst.moniquemennings.nl\/de\/wp-json\/wp\/v2\/pages\/115\/revisions"}],"predecessor-version":[{"id":1439,"href":"https:\/\/containerdienst.moniquemennings.nl\/de\/wp-json\/wp\/v2\/pages\/115\/revisions\/1439"}],"wp:attachment":[{"href":"https:\/\/containerdienst.moniquemennings.nl\/de\/wp-json\/wp\/v2\/media?parent=115"}],"curies":[{"name":"wp","href":"https:\/\/api.w.org\/{rel}","templated":true}]}}